{"id":4324,"date":"2019-11-09T15:44:56","date_gmt":"2019-11-09T13:44:56","guid":{"rendered":"https:\/\/www.hiv.ee\/contacts\/hiv-noustamis-ja-testimiskabinetid\/"},"modified":"2025-11-10T11:17:48","modified_gmt":"2025-11-10T09:17:48","slug":"hiv-counselling-and-testing-cabinets","status":"publish","type":"page","link":"https:\/\/www.hiv.ee\/en\/contacts\/hiv-counselling-and-testing-cabinets\/","title":{"rendered":"HIV counselling and testing cabinets"},"content":{"rendered":"\n<div class=\"wp-block-group\"><div class=\"wp-block-group__inner-container is-layout-flow wp-block-group-is-layout-flow\">\n<h2 class=\"wp-block-heading\">Tallinn<\/h2>\n\n\n\n<h3 class=\"wp-block-heading\">West Tallinn Central Hospital, Infectious Diseases Clinic<\/h3>\n\n\n\n<p><\/p>\n\n\n\n<p class=\"has-blue-color has-text-color\">HIV test type: Laboratory diagnosis of HIV and rapid HIV test<\/p>\n\n\n\n<p>Paldiski mnt 62<br>phone: +372 659 8551<br>working hours: Mon-Fri 08:00\u201316:00<br><\/p>\n\n\n\n<h3 class=\"wp-block-heading\">SYNLAB Eesti O\u00dc<\/h3>\n\n\n\n<p><\/p>\n\n\n\n<p class=\"has-blue-color has-text-color\">HIV test type: Laboratory diagnosis of HIV<\/p>\n\n\n\n<p class=\"has-red-color has-text-color has-link-color wp-elements-8faca9be1499491423ca09aa4171cd9f\"><\/p>\n\n\n\n<p>Veerenni 53a (VI floor) <br>phone: 17 123<br>working hours: Mon\u2013Fri 08:00\u201315:00 <\/p>\n\n\n\n<p class=\"has-red-color has-text-color\"><\/p>\n<\/div><\/div>\n\n\n\n<h3 class=\"wp-block-heading\">Sexual Health Clinic<\/h3>\n\n\n\n<p>Type of HIV test: Laboratory HIV diagnosis and rapid HIV test<\/p>\n\n\n\n<p>Peterburi tee 2 (T1 Mall, 3rd floor)<br>Phone: 666 5123 or 512 23 88<br>Testing requires prior appointment<br>You can book an appointment <strong><a href=\"https:\/\/seksuaaltervisekliinik.ee\/broneeri-aeg\/\">HERE<\/a><\/strong><br>NB! Please write \u201cfree blood test\u201d in the additional information field<\/p>\n\n\n\n<div class=\"wp-block-group\"><div class=\"wp-block-group__inner-container is-layout-flow wp-block-group-is-layout-flow\">\n<h2 class=\"wp-block-heading\">Tartu<\/h2>\n\n\n\n<h3 class=\"wp-block-heading\">Tartu University Hospital, Department of Infectious Diseases<\/h3>\n\n\n\n<p><\/p>\n\n\n\n<p class=\"has-blue-color has-text-color\">HIV test type: Laboratory diagnosis of HIV<\/p>\n\n\n\n<p>Riia 167<br>phone: +372 742 7611<br>working hours: Mon 10:00\u201313:00, Tue 14:00\u201317:00, Wed 08:00\u201311:00, Thu 15:00-18:00, Fri 10:00\u201313:00 <\/p>\n\n\n\n<p><\/p>\n\n\n\n<h3 class=\"wp-block-heading\">Sexual Health Centre<\/h3>\n\n\n\n<p><\/p>\n\n\n\n<p class=\"has-blue-color has-text-color\">HIV test type:  Laboratory diagnosis of HIV and rapid HIV test<\/p>\n\n\n\n<p>L\u00e4\u00e4neringtee 39, L\u00f5unakeskus<br>Available only with <a href=\"https:\/\/www.stn.ee\/broneering\/\">previous appointment<\/a>&nbsp;or <br>phone: +372 5919 3944<\/p>\n\n\n\n<div class=\"wp-block-group\"><div class=\"wp-block-group__inner-container is-layout-flow wp-block-group-is-layout-flow\">\n<h3 class=\"wp-block-heading\"> SYNLAB Eesti O\u00dc <\/h3>\n\n\n\n<p><\/p>\n\n\n\n<p class=\"has-blue-color has-text-color\">HIV test type: Laboratory diagnosis of HIV<\/p>\n\n\n\n<p class=\"has-red-color has-text-color has-link-color wp-elements-8faca9be1499491423ca09aa4171cd9f\"><\/p>\n\n\n\n<p>Raatuse 21, Raatuse Tervisekeskus <br>phone: 17 123<br>working hours: Mon\u2013Fri 13:00\u201315:00 <\/p>\n\n\n\n<h3 class=\"wp-block-heading\"><\/h3>\n<\/div><\/div>\n<\/div><\/div>\n\n\n\n<p><\/p>\n\n\n\n<div class=\"wp-block-group\"><div class=\"wp-block-group__inner-container is-layout-flow wp-block-group-is-layout-flow\">\n<h2 class=\"wp-block-heading\">Narva<\/h2>\n\n\n\n<h3 class=\"wp-block-heading\">Narva Hospital<\/h3>\n\n\n\n<p><\/p>\n\n\n\n<p class=\"has-blue-color has-text-color\">HIV test type: Laboratory diagnosis of HIV and rapid HIV test<\/p>\n\n\n\n<p>Haigla 5, 1st floor, room 122 <br>phone: +372 356 0304<br>working hours: Mon 11:00\u201317:00, Tue, Thu and Fri 10:00\u201316:00, Wed 08:00\u201314:00<\/p>\n\n\n\n<p><\/p>\n\n\n\n<h3 class=\"wp-block-heading\">SYNLAB Eesti O\u00dc<\/h3>\n\n\n\n<p><\/p>\n\n\n\n<p class=\"has-blue-color has-text-color\">HIV test type: Laboratory diagnosis of HIV<\/p>\n\n\n\n<p class=\"has-red-color has-text-color has-link-color wp-elements-8faca9be1499491423ca09aa4171cd9f\"><\/p>\n\n\n\n<p>Fama 10\/3 (Fama Centre) <br>phone: 17 123<br>working hours: Mon\u2013Fri 08:00\u201315:00 <\/p>\n<\/div><\/div>\n\n\n\n<div class=\"wp-block-group\"><div class=\"wp-block-group__inner-container is-layout-flow wp-block-group-is-layout-flow\">\n<h2 class=\"wp-block-heading\">Kohtla-J\u00e4rve<\/h2>\n\n\n\n<h3 class=\"wp-block-heading\">Ida-Viru Keskhaigla<\/h3>\n\n\n\n<p><\/p>\n\n\n\n<p class=\"has-blue-color has-text-color\">HIV test type: Laboratory diagnosis of HIV and rapid HIV test<\/p>\n\n\n\n<p>Ilmajaama 14, block L, room L1111<br>phone: +372 56964933<br>working hours: Tue 13.00-16.00, Thu 14.00-17.00, Wed and Fri 10.00-13.00<\/p>\n\n\n\n<p><\/p>\n\n\n\n<h2 class=\"wp-block-heading\">J\u00f5hvi<\/h2>\n\n\n\n<h3 class=\"wp-block-heading\">SYNLAB Eesti O\u00dc<\/h3>\n\n\n\n<p><\/p>\n\n\n\n<p class=\"has-blue-color has-text-color\"> HIV test type: Laboratory diagnosis of HIV <\/p>\n\n\n\n<p class=\"has-red-color has-text-color has-link-color wp-elements-8faca9be1499491423ca09aa4171cd9f\"><\/p>\n\n\n\n<p>Jaama 34<br>phone: 17 123<br>working hours: Mon-Fri 12:00-15:00<\/p>\n\n\n\n<p><\/p>\n<\/div><\/div>\n\n\n\n<div class=\"wp-block-group\"><div class=\"wp-block-group__inner-container is-layout-flow wp-block-group-is-layout-flow\">\n<h2 class=\"wp-block-heading\">P\u00e4rnu<\/h2>\n\n\n\n<h3 class=\"wp-block-heading\"><strong>P\u00e4rnu Hospital<\/strong><\/h3>\n\n\n\n<p><\/p>\n\n\n\n<p class=\"has-blue-color has-text-color\">HIV test type: Laboratory diagnosis of HIV and rapid HIV test<\/p>\n\n\n\n<p>Ristiku 1, room&nbsp;K240 <br>phone: +372 447 3388<br>working hours: Mon 15:00\u201318:00, Tue 13:00\u201316:00, Thu 08:00\u201311:00 <\/p>\n\n\n\n<p><\/p>\n<\/div><\/div>\n\n\n\n<div class=\"wp-block-group\"><div class=\"wp-block-group__inner-container is-layout-flow wp-block-group-is-layout-flow\">\n<h2 class=\"wp-block-heading\">Paide<\/h2>\n\n\n\n<h3 class=\"wp-block-heading\">J\u00e4rva County Hospital<\/h3>\n\n\n\n<p><\/p>\n\n\n\n<p class=\"has-blue-color has-text-color\">HIV test type: Laboratory diagnosis of HIV<\/p>\n\n\n\n<p>Tiigi 8, B Wing <br>phone: +372 384 8178<br>working hours: Mon 07:45\u201315:00 and Fri 07:45\u201314:30 <\/p>\n<\/div><\/div>\n\n\n\n<div class=\"wp-block-group\"><div class=\"wp-block-group__inner-container is-layout-flow wp-block-group-is-layout-flow\">\n<h2 class=\"wp-block-heading\">Rakvere<\/h2>\n\n\n\n<h3 class=\"wp-block-heading\"><strong>Rakvere Hospital<\/strong><\/h3>\n\n\n\n<p><\/p>\n\n\n\n<p class=\"has-blue-color has-text-color\">HIV test type: Laboratory diagnosis of HIV and rapid HIV test<\/p>\n\n\n\n<p>Tuleviku 1, room&nbsp;116 (laboratory room) <br>phone: +372 324 2910<br>working hours: Thu 15:00\u201318:00 <\/p>\n<\/div><\/div>\n\n\n\n<div class=\"wp-block-group\"><div class=\"wp-block-group__inner-container is-layout-flow wp-block-group-is-layout-flow\">\n<p><\/p>\n<\/div><\/div>\n\n\n\n<div class=\"wp-block-group\"><div class=\"wp-block-group__inner-container is-layout-flow wp-block-group-is-layout-flow\">\n<h2 class=\"wp-block-heading\">Kuressaare<\/h2>\n\n\n\n<h3 class=\"wp-block-heading\"><strong>Hanvar Erakliinik O\u00dc<\/strong><\/h3>\n\n\n\n<p><\/p>\n\n\n\n<p class=\"has-blue-color has-text-color\">HIV test type: Rapid HIV test<\/p>\n\n\n\n<p>Kauba 19<br>phone: +372 453 3380<br>working hours: Tue 10:30\u201312:00 <\/p>\n<\/div><\/div>\n\n\n\n<p><\/p>\n","protected":false},"excerpt":{"rendered":"<p>Tallinn West Tallinn Central Hospital, Infectious Diseases Clinic HIV test type: Laboratory diagnosis of HIV and rapid HIV test Paldiski mnt 62phone: +372 659 8551working hours: Mon-Fri 08:00\u201316:00 SYNLAB Eesti O\u00dc HIV test type: Laboratory diagnosis of HIV Veerenni 53a (VI floor) phone: 17 123working hours: Mon\u2013Fri 08:00\u201315:00 Sexual Health Clinic Type of HIV test: [&hellip;]<\/p>\n","protected":false},"author":6,"featured_media":0,"parent":4321,"menu_order":0,"comment_status":"closed","ping_status":"closed","template":"template\/contact.php","meta":{"_acf_changed":false,"footnotes":""},"class_list":["post-4324","page","type-page","status-publish","hentry"],"acf":[],"_links":{"self":[{"href":"https:\/\/www.hiv.ee\/en\/wp-json\/wp\/v2\/pages\/4324","targetHints":{"allow":["GET"]}}],"collection":[{"href":"https:\/\/www.hiv.ee\/en\/wp-json\/wp\/v2\/pages"}],"about":[{"href":"https:\/\/www.hiv.ee\/en\/wp-json\/wp\/v2\/types\/page"}],"author":[{"embeddable":true,"href":"https:\/\/www.hiv.ee\/en\/wp-json\/wp\/v2\/users\/6"}],"replies":[{"embeddable":true,"href":"https:\/\/www.hiv.ee\/en\/wp-json\/wp\/v2\/comments?post=4324"}],"version-history":[{"count":30,"href":"https:\/\/www.hiv.ee\/en\/wp-json\/wp\/v2\/pages\/4324\/revisions"}],"predecessor-version":[{"id":6023,"href":"https:\/\/www.hiv.ee\/en\/wp-json\/wp\/v2\/pages\/4324\/revisions\/6023"}],"up":[{"embeddable":true,"href":"https:\/\/www.hiv.ee\/en\/wp-json\/wp\/v2\/pages\/4321"}],"wp:attachment":[{"href":"https:\/\/www.hiv.ee\/en\/wp-json\/wp\/v2\/media?parent=4324"}],"curies":[{"name":"wp","href":"https:\/\/api.w.org\/{rel}","templated":true}]}}