{"id":4332,"date":"2019-11-09T15:52:13","date_gmt":"2019-11-09T13:52:13","guid":{"rendered":"https:\/\/www.hiv.ee\/contacts\/seksuaaltervise-nouandlad\/"},"modified":"2023-10-13T14:52:24","modified_gmt":"2023-10-13T11:52:24","slug":"sexual-health-centres","status":"publish","type":"page","link":"https:\/\/www.hiv.ee\/en\/contacts\/sexual-health-centres\/","title":{"rendered":"Sexual Health Centres"},"content":{"rendered":"\n<div class=\"wp-block-group\"><div class=\"wp-block-group__inner-container is-layout-flow wp-block-group-is-layout-flow\">\n<h2 class=\"wp-block-heading\">Tallinn<\/h2>\n\n\n\n<h3 class=\"wp-block-heading\">Seksuaaltervise Kliinik<\/h3>\n\n\n\n<p>Peterburi tee 2 (T1 Mall of Tallinn, 3rd floor)<br>phone: +372 666 5123 or +372 512 23 88<br>e-mail: seksuaaltervisekliinik@estl.ee<br><a href=\"https:\/\/seksuaaltervis.ee\/seksuaaltervise-kliinik\" target=\"_blank\" rel=\"noreferrer noopener\">https:\/\/seksuaaltervis.ee\/seksuaaltervise-kliinik<\/a><\/p>\n<\/div><\/div>\n\n\n\n<div class=\"wp-block-group\"><div class=\"wp-block-group__inner-container is-layout-flow wp-block-group-is-layout-flow\">\n<h2 class=\"wp-block-heading\">Tartu<\/h2>\n\n\n\n<h3 class=\"wp-block-heading\">Seksuaaltervise N\u00f5uandla<\/h3>\n\n\n\n<p>L\u00e4\u00e4neringtee 39, Tartu (in L\u00f5unakeskus)<br>phone: +372 5919 3944<br>e-mail: info@stn.ee<br><a rel=\"noreferrer noopener\" href=\"https:\/\/www.stn.ee\/\" target=\"_blank\">https:\/\/www.stn.ee\/<\/a><\/p>\n\n\n\n<h3 class=\"wp-block-heading\">Tartu \u00dclikooli Kliinikumi Seksuaaltervise keskus<\/h3>\n\n\n\n<p>Vaksali 17, 3rd floor<br>phone: +372 744 2086<br><a href=\"https:\/\/www.kliinikum.ee\/naistekliinik\/patsiendile\/seksuaaltervise-keskus\/\" target=\"_blank\" rel=\"noreferrer noopener\">https:\/\/www.kliinikum.ee\/naistekliinik\/patsiendile\/seksuaaltervise-keskus\/<\/a><\/p>\n<\/div><\/div>\n","protected":false},"excerpt":{"rendered":"<p>Tallinn Seksuaaltervise Kliinik Peterburi tee 2 (T1 Mall of Tallinn, 3rd floor)phone: +372 666 5123 or +372 512 23 88e-mail: seksuaaltervisekliinik@estl.eehttps:\/\/seksuaaltervis.ee\/seksuaaltervise-kliinik Tartu Seksuaaltervise N\u00f5uandla L\u00e4\u00e4neringtee 39, Tartu (in L\u00f5unakeskus)phone: +372 5919 3944e-mail: info@stn.eehttps:\/\/www.stn.ee\/ Tartu \u00dclikooli Kliinikumi Seksuaaltervise keskus Vaksali 17, 3rd floorphone: +372 744 2086https:\/\/www.kliinikum.ee\/naistekliinik\/patsiendile\/seksuaaltervise-keskus\/<\/p>\n","protected":false},"author":6,"featured_media":0,"parent":4321,"menu_order":0,"comment_status":"closed","ping_status":"closed","template":"template\/contact.php","meta":{"_acf_changed":false,"footnotes":""},"class_list":["post-4332","page","type-page","status-publish","hentry"],"acf":[],"_links":{"self":[{"href":"https:\/\/www.hiv.ee\/en\/wp-json\/wp\/v2\/pages\/4332","targetHints":{"allow":["GET"]}}],"collection":[{"href":"https:\/\/www.hiv.ee\/en\/wp-json\/wp\/v2\/pages"}],"about":[{"href":"https:\/\/www.hiv.ee\/en\/wp-json\/wp\/v2\/types\/page"}],"author":[{"embeddable":true,"href":"https:\/\/www.hiv.ee\/en\/wp-json\/wp\/v2\/users\/6"}],"replies":[{"embeddable":true,"href":"https:\/\/www.hiv.ee\/en\/wp-json\/wp\/v2\/comments?post=4332"}],"version-history":[{"count":11,"href":"https:\/\/www.hiv.ee\/en\/wp-json\/wp\/v2\/pages\/4332\/revisions"}],"predecessor-version":[{"id":5194,"href":"https:\/\/www.hiv.ee\/en\/wp-json\/wp\/v2\/pages\/4332\/revisions\/5194"}],"up":[{"embeddable":true,"href":"https:\/\/www.hiv.ee\/en\/wp-json\/wp\/v2\/pages\/4321"}],"wp:attachment":[{"href":"https:\/\/www.hiv.ee\/en\/wp-json\/wp\/v2\/media?parent=4332"}],"curies":[{"name":"wp","href":"https:\/\/api.w.org\/{rel}","templated":true}]}}