{"id":4334,"date":"2021-02-04T16:41:14","date_gmt":"2021-02-04T14:41:14","guid":{"rendered":"https:\/\/www.hiv.ee\/contacts\/msm-seksuaaltervise-kontroll\/"},"modified":"2025-12-15T16:50:15","modified_gmt":"2025-12-15T14:50:15","slug":"msm-sexual-health-check-up","status":"publish","type":"page","link":"https:\/\/www.hiv.ee\/en\/contacts\/msm-sexual-health-check-up\/","title":{"rendered":"MSM Sexual Health Check-up"},"content":{"rendered":"\n<div class=\"wp-block-group\"><div class=\"wp-block-group__inner-container is-layout-flow wp-block-group-is-layout-flow\">\n<h2 class=\"wp-block-heading\">Tallinn<\/h2>\n\n\n\n<h3 class=\"wp-block-heading\">Seksuaaltervise Kliinik <\/h3>\n\n\n\n<p>Peterburi tee 2 (T1 Mall of Tallinn, 3rd floor)<br>Phone: +372 666 5123 | Mobile: +372 512 2388<br>E-mail: seksuaaltervisekliinik@estl.ee<\/p>\n\n\n\n<p class=\"has-red-color has-text-color has-link-color wp-elements-91eca676eeabe3353566121cee99e74e\"><mark style=\"background-color:rgba(0, 0, 0, 0)\" class=\"has-inline-color has-red-color\">Please note: check-ups are available by appointment only.<\/mark><\/p>\n<\/div><\/div>\n\n\n\n<div class=\"wp-block-group\"><div class=\"wp-block-group__inner-container is-layout-flow wp-block-group-is-layout-flow\">\n<h2 class=\"wp-block-heading\">Tartu<\/h2>\n\n\n\n<h3 class=\"wp-block-heading\">Seksuaaltervise N\u00f5uandla<\/h3>\n\n\n\n<p>L\u00e4\u00e4neringtee 39, Tartu (in L\u00f5unakeskus)<br>Phone: +372 5919 3944<br>E-mail: info@stn.ee<\/p>\n\n\n\n<p class=\"has-red-color has-text-color\">Only with previous appointment!<\/p>\n<\/div><\/div>\n\n\n\n<div class=\"wp-block-group\"><div class=\"wp-block-group__inner-container is-layout-flow wp-block-group-is-layout-flow\">\n<h2 class=\"wp-block-heading\">Kuressaare<\/h2>\n\n\n\n<h3 class=\"wp-block-heading\">Private Clinic Hanvar<\/h3>\n\n\n\n<p>Kauba 19<br>Phone: +372 453 3380<br>E-mail: registratuur@hanvar.ee<\/p>\n\n\n\n<p class=\"has-red-color has-text-color\">Only with previous appointment!<\/p>\n<\/div><\/div>\n\n\n\n<h2 class=\"wp-block-heading\">Other possibilities for a sexual health check-up<\/h2>\n\n\n\n<p>You can also get a sexual health check-up at any health care institution across Estonia. You can also get tested for sexually transmitted infections by a dermatovenerologist, urologist or andrologist. If you go to a medical specialist, you will have to pay a visit fee. And a fee will also be charged for testing, unless you have health insurance. People up to the age of 26 years can get a free check-up (even with no health insurance) at <a href=\"https:\/\/www.hiv.ee\/en\/contacts\/youth-counselling-centres\/\">youth counselling centres<\/a>. Free-of-charge testing for HIV, HBV and HCV is available at <a href=\"https:\/\/www.hiv.ee\/en\/contacts\/hiv-counselling-and-testing-cabinets\/\" data-type=\"link\" data-id=\"https:\/\/www.hiv.ee\/en\/contacts\/hiv-counselling-and-testing-cabinets\/\">HIV counselling and testing clinics<\/a>.<\/p>\n\n\n\n<p><\/p>\n","protected":false},"excerpt":{"rendered":"<p>Tallinn Seksuaaltervise Kliinik Peterburi tee 2 (T1 Mall of Tallinn, 3rd floor)Phone: +372 666 5123 | Mobile: +372 512 2388E-mail: seksuaaltervisekliinik@estl.ee Please note: check-ups are available by appointment only. Tartu Seksuaaltervise N\u00f5uandla L\u00e4\u00e4neringtee 39, Tartu (in L\u00f5unakeskus)Phone: +372 5919 3944E-mail: info@stn.ee Only with previous appointment! Kuressaare Private Clinic Hanvar Kauba 19Phone: +372 453 3380E-mail: registratuur@hanvar.ee [&hellip;]<\/p>\n","protected":false},"author":3,"featured_media":0,"parent":4321,"menu_order":6,"comment_status":"closed","ping_status":"closed","template":"","meta":{"_acf_changed":false,"footnotes":""},"class_list":["post-4334","page","type-page","status-publish","hentry"],"acf":[],"_links":{"self":[{"href":"https:\/\/www.hiv.ee\/en\/wp-json\/wp\/v2\/pages\/4334","targetHints":{"allow":["GET"]}}],"collection":[{"href":"https:\/\/www.hiv.ee\/en\/wp-json\/wp\/v2\/pages"}],"about":[{"href":"https:\/\/www.hiv.ee\/en\/wp-json\/wp\/v2\/types\/page"}],"author":[{"embeddable":true,"href":"https:\/\/www.hiv.ee\/en\/wp-json\/wp\/v2\/users\/3"}],"replies":[{"embeddable":true,"href":"https:\/\/www.hiv.ee\/en\/wp-json\/wp\/v2\/comments?post=4334"}],"version-history":[{"count":16,"href":"https:\/\/www.hiv.ee\/en\/wp-json\/wp\/v2\/pages\/4334\/revisions"}],"predecessor-version":[{"id":6045,"href":"https:\/\/www.hiv.ee\/en\/wp-json\/wp\/v2\/pages\/4334\/revisions\/6045"}],"up":[{"embeddable":true,"href":"https:\/\/www.hiv.ee\/en\/wp-json\/wp\/v2\/pages\/4321"}],"wp:attachment":[{"href":"https:\/\/www.hiv.ee\/en\/wp-json\/wp\/v2\/media?parent=4334"}],"curies":[{"name":"wp","href":"https:\/\/api.w.org\/{rel}","templated":true}]}}