{"id":1812,"date":"2019-12-18T11:49:25","date_gmt":"2019-12-18T09:49:25","guid":{"rendered":"https:\/\/www.hiv.ee\/?page_id=1812"},"modified":"2024-08-28T09:12:01","modified_gmt":"2024-08-28T06:12:01","slug":"konsultatsii-po-voprosam-seksualnogo-zdorovya","status":"publish","type":"page","link":"https:\/\/www.hiv.ee\/ru\/kontakty-dlya-polucheniya-pomoschi\/konsultatsii-po-voprosam-seksualnogo-zdorovya\/","title":{"rendered":"\u041a\u043e\u043d\u0441\u0443\u043b\u044c\u0442\u0430\u0446\u0438\u0438 \u043f\u043e \u0432\u043e\u043f\u0440\u043e\u0441\u0430\u043c \u0441\u0435\u043a\u0441\u0443\u0430\u043b\u044c\u043d\u043e\u0433\u043e \u0437\u0434\u043e\u0440\u043e\u0432\u044c\u044f"},"content":{"rendered":"\n<div class=\"wp-block-group\"><div class=\"wp-block-group__inner-container is-layout-flow wp-block-group-is-layout-flow\">\n<h2 class=\"wp-block-heading\">\u0422\u0410\u041b\u041b\u0418\u041d\u041d<\/h2>\n\n\n\n<h3 class=\"wp-block-heading\">Seksuaaltervise Kliinik<\/h3>\n\n\n\n<p>\u0410\u0434\u0440\u0435\u0441: \u041f\u0435\u0442\u0435\u0440\u0431\u0443\u0440\u0438 \u0442\u0435\u044d 2 (T1 Mall of Tallinn, \u0442\u0440\u0435\u0442\u0438\u0439 \u044d\u0442\u0430\u0436)<br>\u0422\u0435\u043b: 666 5123 \u0438\u043b\u0438 512 23 88<br>E-mail: seksuaaltervisekliinik@estl.ee<br><a href=\"https:\/\/seksuaaltervis.ee\/seksuaaltervise-kliinik\" target=\"_blank\" rel=\"noreferrer noopener\">https:\/\/seksuaaltervis.ee\/seksuaaltervise-kliinik<\/a><\/p>\n<\/div><\/div>\n\n\n\n<div class=\"wp-block-group\"><div class=\"wp-block-group__inner-container is-layout-flow wp-block-group-is-layout-flow\">\n<h2 class=\"wp-block-heading\">\u0422\u0410\u0420\u0422\u0423<\/h2>\n\n\n\n<h3 class=\"wp-block-heading\">Seksuaaltervise N\u00f5uandla<\/h3>\n\n\n\n<p>\u0410\u0434\u0440\u0435\u0441: L\u00e4\u00e4neringtee 39 (L\u00f5unakeskus)<br>\u0422\u0435\u043b: 5919 3944<br>E-mail: info@stn.ee<br><a rel=\"noreferrer noopener\" href=\"https:\/\/www.stn.ee\/\" target=\"_blank\">https:\/\/www.stn.ee\/<\/a><\/p>\n<\/div><\/div>\n\n\n\n<h3 class=\"wp-block-heading\">Tartu \u00dclikooli Kliinikumi Seksuaaltervise keskus<\/h3>\n\n\n\n<p>\u0410\u0434\u0440\u0435\u0441: \u0412\u0430\u043a\u0437\u0430\u043b\u0438 17, 3-\u0439 \u044d\u0442\u0430\u0436<br>\u0422\u0435\u043b: 744 2086<br><a href=\"https:\/\/www.kliinikum.ee\/naistekliinik\/patsiendile\/seksuaaltervise-keskus\/\" target=\"_blank\" rel=\"noreferrer noopener\">https:\/\/www.kliinikum.ee\/naistekliinik\/patsiendile\/seksuaaltervise-keskus\/<\/a><\/p>\n","protected":false},"excerpt":{"rendered":"<p>\u0422\u0410\u041b\u041b\u0418\u041d\u041d Seksuaaltervise Kliinik \u0410\u0434\u0440\u0435\u0441: \u041f\u0435\u0442\u0435\u0440\u0431\u0443\u0440\u0438 \u0442\u0435\u044d 2 (T1 Mall of Tallinn, \u0442\u0440\u0435\u0442\u0438\u0439 \u044d\u0442\u0430\u0436)\u0422\u0435\u043b: 666 5123 \u0438\u043b\u0438 512 23 88E-mail: seksuaaltervisekliinik@estl.eehttps:\/\/seksuaaltervis.ee\/seksuaaltervise-kliinik \u0422\u0410\u0420\u0422\u0423 Seksuaaltervise N\u00f5uandla \u0410\u0434\u0440\u0435\u0441: L\u00e4\u00e4neringtee 39 (L\u00f5unakeskus)\u0422\u0435\u043b: 5919 3944E-mail: info@stn.eehttps:\/\/www.stn.ee\/ Tartu \u00dclikooli Kliinikumi Seksuaaltervise keskus \u0410\u0434\u0440\u0435\u0441: \u0412\u0430\u043a\u0437\u0430\u043b\u0438 17, 3-\u0439 \u044d\u0442\u0430\u0436\u0422\u0435\u043b: 744 2086https:\/\/www.kliinikum.ee\/naistekliinik\/patsiendile\/seksuaaltervise-keskus\/<\/p>\n","protected":false},"author":6,"featured_media":0,"parent":1799,"menu_order":4,"comment_status":"closed","ping_status":"closed","template":"template\/contact.php","meta":{"_acf_changed":false,"footnotes":""},"class_list":["post-1812","page","type-page","status-publish","hentry"],"acf":[],"_links":{"self":[{"href":"https:\/\/www.hiv.ee\/ru\/wp-json\/wp\/v2\/pages\/1812","targetHints":{"allow":["GET"]}}],"collection":[{"href":"https:\/\/www.hiv.ee\/ru\/wp-json\/wp\/v2\/pages"}],"about":[{"href":"https:\/\/www.hiv.ee\/ru\/wp-json\/wp\/v2\/types\/page"}],"author":[{"embeddable":true,"href":"https:\/\/www.hiv.ee\/ru\/wp-json\/wp\/v2\/users\/6"}],"replies":[{"embeddable":true,"href":"https:\/\/www.hiv.ee\/ru\/wp-json\/wp\/v2\/comments?post=1812"}],"version-history":[{"count":10,"href":"https:\/\/www.hiv.ee\/ru\/wp-json\/wp\/v2\/pages\/1812\/revisions"}],"predecessor-version":[{"id":5614,"href":"https:\/\/www.hiv.ee\/ru\/wp-json\/wp\/v2\/pages\/1812\/revisions\/5614"}],"up":[{"embeddable":true,"href":"https:\/\/www.hiv.ee\/ru\/wp-json\/wp\/v2\/pages\/1799"}],"wp:attachment":[{"href":"https:\/\/www.hiv.ee\/ru\/wp-json\/wp\/v2\/media?parent=1812"}],"curies":[{"name":"wp","href":"https:\/\/api.w.org\/{rel}","templated":true}]}}