{"id":2653,"date":"2019-11-09T15:43:06","date_gmt":"2019-11-09T13:43:06","guid":{"rendered":"https:\/\/www.hiv.ee\/videod\/"},"modified":"2021-02-22T17:19:59","modified_gmt":"2021-02-22T15:19:59","slug":"videod","status":"publish","type":"page","link":"https:\/\/www.hiv.ee\/ru\/videod\/","title":{"rendered":"\u0412\u0438\u0434\u0435\u043e"},"content":{"rendered":"\n<div class=\"wp-block-group\"><div class=\"wp-block-group__inner-container is-layout-flow wp-block-group-is-layout-flow\">\n<h2 class=\"wp-block-heading\"> \u0422\u0435\u0441\u0442\u0438\u0440\u043e\u0432\u0430\u043d\u0438\u0435 \u043d\u0430 \u0412\u0418\u0427. \u0422\u0438\u043f\u044b \u0442\u0435\u0441\u0442\u043e\u0432 \u043d\u0430 \u0412\u0418\u0427.<\/h2>\n\n\n\n<div class=\"wp-block-columns is-layout-flex wp-container-core-columns-is-layout-9d6595d7 wp-block-columns-is-layout-flex\">\n<div class=\"wp-block-column is-layout-flow wp-block-column-is-layout-flow\">\n<figure class=\"wp-block-embed-youtube wp-block-embed is-type-video is-provider-youtube wp-embed-aspect-16-9 wp-has-aspect-ratio\"><div class=\"wp-block-embed__wrapper\">\n<iframe loading=\"lazy\" title=\"\u0422\u0435\u0441\u0442\u0438\u0440\u043e\u0432\u0430\u043d\u0438\u0435 \u043d\u0430 \u0412\u0418\u0427 \u2013 \u044d\u0442\u043e \u043f\u0440\u043e\u0441\u0442\u043e!\" width=\"500\" height=\"281\" src=\"https:\/\/www.youtube.com\/embed\/eTDDlwwJQTc?feature=oembed\" frameborder=\"0\" allow=\"accelerometer; autoplay; clipboard-write; encrypted-media; gyroscope; picture-in-picture; web-share\" referrerpolicy=\"strict-origin-when-cross-origin\" allowfullscreen><\/iframe> \n<\/div><\/figure>\n<\/div>\n\n\n\n<div class=\"wp-block-group\"><div class=\"wp-block-group__inner-container is-layout-flow wp-block-group-is-layout-flow\">\n<h2 class=\"wp-block-heading\"> \u0423 \u043b\u044e\u0431\u0432\u0438 \u0441\u0432\u043e\u0438 \u043f\u043b\u0430\u043d\u044b<\/h2>\n\n\n\n<div class=\"wp-block-columns is-layout-flex wp-container-core-columns-is-layout-9d6595d7 wp-block-columns-is-layout-flex\">\n<div class=\"wp-block-column is-layout-flow wp-block-column-is-layout-flow\">\n<figure class=\"wp-block-embed-youtube wp-block-embed is-type-video is-provider-youtube wp-embed-aspect-16-9 wp-has-aspect-ratio\"><div class=\"wp-block-embed__wrapper\">\n<iframe loading=\"lazy\" title=\"\u0423 \u043b\u044e\u0431\u0432\u0438 \u0441\u0432\u043e\u0438 \u043f\u043b\u0430\u043d\u044b. 30&quot;\" width=\"500\" height=\"281\" src=\"https:\/\/www.youtube.com\/embed\/VpWiID2d96U?feature=oembed\" frameborder=\"0\" allow=\"accelerometer; autoplay; clipboard-write; encrypted-media; gyroscope; picture-in-picture; web-share\" referrerpolicy=\"strict-origin-when-cross-origin\" allowfullscreen><\/iframe>\n<\/div><\/figure>\n<\/div>\n\n\n\n<div class=\"wp-block-column is-layout-flow wp-block-column-is-layout-flow\">\n<figure class=\"wp-block-embed-youtube wp-block-embed is-type-video is-provider-youtube wp-embed-aspect-16-9 wp-has-aspect-ratio\"><div class=\"wp-block-embed__wrapper\">\n<iframe loading=\"lazy\" title=\"\u0423 \u043b\u044e\u0431\u0432\u0438 \u0441\u0432\u043e\u0438 \u043f\u043b\u0430\u043d\u044b. 15&quot;\" width=\"500\" height=\"281\" src=\"https:\/\/www.youtube.com\/embed\/W-IuQs4anMg?feature=oembed\" frameborder=\"0\" allow=\"accelerometer; autoplay; clipboard-write; encrypted-media; gyroscope; picture-in-picture; web-share\" referrerpolicy=\"strict-origin-when-cross-origin\" allowfullscreen><\/iframe>\n<\/div><\/figure>\n<\/div>\n<\/div>\n<\/div><\/div>\n\n\n\n<div class=\"wp-block-group\"><div class=\"wp-block-group__inner-container is-layout-flow wp-block-group-is-layout-flow\">\n<h2 class=\"wp-block-heading\"><strong>\u0413\u043e\u0432\u043e\u0440\u0438 \u043e \u0434\u0435\u043b\u0435 \u0432\u043e\u0432\u0440\u0435\u043c\u044f<\/strong><\/h2>\n\n\n\n<div class=\"wp-block-columns is-layout-flex wp-container-core-columns-is-layout-9d6595d7 wp-block-columns-is-layout-flex\">\n<div class=\"wp-block-column is-layout-flow wp-block-column-is-layout-flow\">\n<figure class=\"wp-block-embed-youtube wp-block-embed is-type-video is-provider-youtube wp-embed-aspect-16-9 wp-has-aspect-ratio\"><div class=\"wp-block-embed__wrapper\">\n<iframe loading=\"lazy\" title=\"Kumm on seks. R\u00e4\u00e4gi asjast \u00f5igel hetkel (klubi)\" width=\"500\" height=\"281\" src=\"https:\/\/www.youtube.com\/embed\/VaRKX1ixl30?feature=oembed\" frameborder=\"0\" allow=\"accelerometer; autoplay; clipboard-write; encrypted-media; gyroscope; picture-in-picture; web-share\" referrerpolicy=\"strict-origin-when-cross-origin\" allowfullscreen><\/iframe>\n<\/div><\/figure>\n<\/div>\n\n\n\n<div class=\"wp-block-column is-layout-flow wp-block-column-is-layout-flow\">\n<figure class=\"wp-block-embed-youtube wp-block-embed is-type-video is-provider-youtube wp-embed-aspect-16-9 wp-has-aspect-ratio\"><div class=\"wp-block-embed__wrapper\">\n<iframe loading=\"lazy\" title=\"Kumm on seks. R\u00e4\u00e4gi asjast \u00f5igel hetkel (rand)\" width=\"500\" height=\"281\" src=\"https:\/\/www.youtube.com\/embed\/BkuoyxGvgR0?feature=oembed\" frameborder=\"0\" allow=\"accelerometer; autoplay; clipboard-write; encrypted-media; gyroscope; picture-in-picture; web-share\" referrerpolicy=\"strict-origin-when-cross-origin\" allowfullscreen><\/iframe>\n<\/div><\/figure>\n<\/div>\n<\/div>\n<\/div><\/div>\n\n\n\n<div class=\"wp-block-group\"><div class=\"wp-block-group__inner-container is-layout-flow wp-block-group-is-layout-flow\">\n<h2 class=\"wp-block-heading\"><strong>\u041a\u043e\u0440\u043e\u0442\u043a\u043e\u043c\u0435\u0442\u0440\u0430\u0436\u043d\u044b\u0435 \u0444\u0438\u043b\u044c\u043c\u044b \u00ab\u0413\u043e\u0432\u043e\u0440\u0438\u00bb<\/strong> <\/h2>\n\n\n\n<div class=\"wp-block-columns is-layout-flex wp-container-core-columns-is-layout-9d6595d7 wp-block-columns-is-layout-flex\">\n<div class=\"wp-block-column is-layout-flow wp-block-column-is-layout-flow\">\n<figure class=\"wp-block-embed-youtube wp-block-embed is-type-video is-provider-youtube wp-embed-aspect-16-9 wp-has-aspect-ratio\"><div class=\"wp-block-embed__wrapper\">\n<iframe loading=\"lazy\" title=\"Kumm on seks! R\u00e4\u00e4gi v\u00e4lja.\" width=\"500\" height=\"281\" src=\"https:\/\/www.youtube.com\/embed\/ud2ta1O2OyU?feature=oembed\" frameborder=\"0\" allow=\"accelerometer; autoplay; clipboard-write; encrypted-media; gyroscope; picture-in-picture; web-share\" referrerpolicy=\"strict-origin-when-cross-origin\" allowfullscreen><\/iframe>\n<\/div><\/figure>\n<\/div>\n\n\n\n<div class=\"wp-block-column is-layout-flow wp-block-column-is-layout-flow\">\n<figure class=\"wp-block-embed-youtube wp-block-embed is-type-video is-provider-youtube wp-embed-aspect-16-9 wp-has-aspect-ratio\"><div class=\"wp-block-embed__wrapper\">\n<iframe loading=\"lazy\" title=\"Kumm on seks. R\u00e4\u00e4gi v\u00e4lja.\" width=\"500\" height=\"281\" src=\"https:\/\/www.youtube.com\/embed\/pfkAwhDqIP4?feature=oembed\" frameborder=\"0\" allow=\"accelerometer; autoplay; clipboard-write; encrypted-media; gyroscope; picture-in-picture; web-share\" referrerpolicy=\"strict-origin-when-cross-origin\" allowfullscreen><\/iframe>\n<\/div><\/figure>\n<\/div>\n<\/div>\n<\/div><\/div>\n\n\n\n<div class=\"wp-block-group\"><div class=\"wp-block-group__inner-container is-layout-flow wp-block-group-is-layout-flow\">\n<h2 class=\"wp-block-heading\"><strong>\u0413\u043e\u0432\u043e\u0440\u0438 \u0441\u043c\u0435\u043b\u043e: \u0440\u0435\u0437\u0438\u043d\u043a\u0430 \u2013 \u044d\u0442\u043e \u0441\u0435\u043a\u0441<\/strong><\/h2>\n\n\n\n<p>\u0427\u0442\u043e \u0438\u043c\u0435\u043d\u043d\u043e \u0433\u043e\u0432\u043e\u0440\u0438\u0442\u044c? \u041a\u043e\u0433\u0434\u0430? <br>\u0420\u0435\u0430\u043b\u044c\u043d\u044b\u0435 \u0440\u0435\u0437\u0438\u043d\u043e\u0432\u044b\u0435 \u0438\u0441\u0442\u043e\u0440\u0438\u0438 \u0440\u0435\u0430\u043b\u044c\u043d\u044b\u0445 \u043b\u044e\u0434\u0435\u0439. <br>\u0412 \u0433\u043b\u0430\u0432\u043d\u044b\u0445 \u0440\u043e\u043b\u044f\u0445: \u041c\u0430\u0440\u0438\u043b\u0438\u043d \u042e\u0440\u043c\u0430\u043d \u0438 \u0431\u0440\u0430\u0442\u044c\u044f \u041f\u0438\u0443\u0437  <\/p>\n\n\n\n<div class=\"wp-block-columns is-layout-flex wp-container-core-columns-is-layout-9d6595d7 wp-block-columns-is-layout-flex\">\n<div class=\"wp-block-column is-layout-flow wp-block-column-is-layout-flow\">\n<figure class=\"wp-block-embed-youtube wp-block-embed is-type-video is-provider-youtube wp-embed-aspect-16-9 wp-has-aspect-ratio\"><div class=\"wp-block-embed__wrapper\">\n<iframe loading=\"lazy\" title=\"Kumm on seks: Irina 2\" width=\"500\" height=\"281\" src=\"https:\/\/www.youtube.com\/embed\/BtoGV-4F9tw?feature=oembed\" frameborder=\"0\" allow=\"accelerometer; autoplay; clipboard-write; encrypted-media; gyroscope; picture-in-picture; web-share\" referrerpolicy=\"strict-origin-when-cross-origin\" allowfullscreen><\/iframe>\n<\/div><\/figure>\n<\/div>\n\n\n\n<div class=\"wp-block-column is-layout-flow wp-block-column-is-layout-flow\">\n<figure class=\"wp-block-embed-youtube wp-block-embed is-type-video is-provider-youtube wp-embed-aspect-16-9 wp-has-aspect-ratio\"><div class=\"wp-block-embed__wrapper\">\n<iframe loading=\"lazy\" title=\"Kumm on seks\" width=\"500\" height=\"281\" src=\"https:\/\/www.youtube.com\/embed\/vp5BIe2r0Yo?feature=oembed\" frameborder=\"0\" allow=\"accelerometer; autoplay; clipboard-write; encrypted-media; gyroscope; picture-in-picture; web-share\" referrerpolicy=\"strict-origin-when-cross-origin\" allowfullscreen><\/iframe>\n<\/div><\/figure>\n<\/div>\n<\/div>\n\n\n\n<p>\u0412\u0441\u0435 \u0440\u0435\u0437\u0438\u043d\u043e\u0432\u044b\u0435 \u0438\u0441\u0442\u043e\u0440\u0438\u0438 \u0440\u0435\u0430\u043b\u044c\u043d\u044b\u0445 \u043b\u044e\u0434\u0435\u0439 \u043d\u0430 &nbsp;<a href=\"https:\/\/www.youtube.com\/channel\/UCfHw6PN63BT4lunKy2TOT5g\/videos?view=0&amp;sort=p&amp;flow=grid\">Youtube<\/a><\/p>\n<\/div><\/div>\n\n\n<\/div>\n<\/div><\/div>\n","protected":false},"excerpt":{"rendered":"<p>\u0422\u0435\u0441\u0442\u0438\u0440\u043e\u0432\u0430\u043d\u0438\u0435 \u043d\u0430 \u0412\u0418\u0427. \u0422\u0438\u043f\u044b \u0442\u0435\u0441\u0442\u043e\u0432 \u043d\u0430 \u0412\u0418\u0427. \u0423 \u043b\u044e\u0431\u0432\u0438 \u0441\u0432\u043e\u0438 \u043f\u043b\u0430\u043d\u044b \u0413\u043e\u0432\u043e\u0440\u0438 \u043e \u0434\u0435\u043b\u0435 \u0432\u043e\u0432\u0440\u0435\u043c\u044f \u041a\u043e\u0440\u043e\u0442\u043a\u043e\u043c\u0435\u0442\u0440\u0430\u0436\u043d\u044b\u0435 \u0444\u0438\u043b\u044c\u043c\u044b \u00ab\u0413\u043e\u0432\u043e\u0440\u0438\u00bb \u0413\u043e\u0432\u043e\u0440\u0438 \u0441\u043c\u0435\u043b\u043e: \u0440\u0435\u0437\u0438\u043d\u043a\u0430 \u2013 \u044d\u0442\u043e \u0441\u0435\u043a\u0441 \u0427\u0442\u043e \u0438\u043c\u0435\u043d\u043d\u043e \u0433\u043e\u0432\u043e\u0440\u0438\u0442\u044c? \u041a\u043e\u0433\u0434\u0430? \u0420\u0435\u0430\u043b\u044c\u043d\u044b\u0435 \u0440\u0435\u0437\u0438\u043d\u043e\u0432\u044b\u0435 \u0438\u0441\u0442\u043e\u0440\u0438\u0438 \u0440\u0435\u0430\u043b\u044c\u043d\u044b\u0445 \u043b\u044e\u0434\u0435\u0439. \u0412 \u0433\u043b\u0430\u0432\u043d\u044b\u0445 \u0440\u043e\u043b\u044f\u0445: \u041c\u0430\u0440\u0438\u043b\u0438\u043d \u042e\u0440\u043c\u0430\u043d \u0438 \u0431\u0440\u0430\u0442\u044c\u044f \u041f\u0438\u0443\u0437 \u0412\u0441\u0435 \u0440\u0435\u0437\u0438\u043d\u043e\u0432\u044b\u0435 \u0438\u0441\u0442\u043e\u0440\u0438\u0438 \u0440\u0435\u0430\u043b\u044c\u043d\u044b\u0445 \u043b\u044e\u0434\u0435\u0439 \u043d\u0430 &nbsp;Youtube<\/p>\n","protected":false},"author":6,"featured_media":0,"parent":0,"menu_order":0,"comment_status":"closed","ping_status":"closed","template":"template\/video.php","meta":{"_acf_changed":false,"footnotes":""},"class_list":["post-2653","page","type-page","status-publish","hentry"],"acf":[],"_links":{"self":[{"href":"https:\/\/www.hiv.ee\/ru\/wp-json\/wp\/v2\/pages\/2653","targetHints":{"allow":["GET"]}}],"collection":[{"href":"https:\/\/www.hiv.ee\/ru\/wp-json\/wp\/v2\/pages"}],"about":[{"href":"https:\/\/www.hiv.ee\/ru\/wp-json\/wp\/v2\/types\/page"}],"author":[{"embeddable":true,"href":"https:\/\/www.hiv.ee\/ru\/wp-json\/wp\/v2\/users\/6"}],"replies":[{"embeddable":true,"href":"https:\/\/www.hiv.ee\/ru\/wp-json\/wp\/v2\/comments?post=2653"}],"version-history":[{"count":4,"href":"https:\/\/www.hiv.ee\/ru\/wp-json\/wp\/v2\/pages\/2653\/revisions"}],"predecessor-version":[{"id":3480,"href":"https:\/\/www.hiv.ee\/ru\/wp-json\/wp\/v2\/pages\/2653\/revisions\/3480"}],"wp:attachment":[{"href":"https:\/\/www.hiv.ee\/ru\/wp-json\/wp\/v2\/media?parent=2653"}],"curies":[{"name":"wp","href":"https:\/\/api.w.org\/{rel}","templated":true}]}}